{"id":27256,"date":"2023-02-28T09:09:31","date_gmt":"2023-02-28T09:09:31","guid":{"rendered":"https:\/\/topup-production.com\/index.php\/revocation\/"},"modified":"2024-01-23T12:46:08","modified_gmt":"2024-01-23T11:46:08","slug":"revocation","status":"publish","type":"page","link":"https:\/\/topup-production.com\/index.php\/revocation\/","title":{"rendered":"Cancellation Policy"},"content":{"rendered":"<section class=\"wpb-content-wrapper\"><p>[vc_row][vc_column][vc_column_text]<\/p>\n<ol>\n<li>Widerrufsrecht<br \/>\n1.1. Widerrufsbelehrung<\/li>\n<\/ol>\n<p>++++++++++++++++++<br \/>\nWiderrufsrecht:<br \/>\nIst der Teilnehmende Verbraucher im Sinne des \u00a7 13 BGB kann er seine Vertragserkl\u00e4rung innerhalb von 14 Tagen ohne Angabe von Gr\u00fcnden in Textform (z. B. Brief, E-Mail) widerrufen. Hierzu besteht die M\u00f6glichkeit, unter Angabe der Ticket-ID eine E-Mail zu senden. Die Teilnehmenden nutzen hierzu die folgenden Kontaktdaten:<br \/>\nNaomi Marie-Rose<br \/>\nCoppistr. 12<br \/>\n10365 Berlin<br \/>\ninfo@topup-production.com<br \/>\nDie Frist beginnt nach akzeptieren dieser Belehrung beim Bestellvorgang, jedoch nicht vor Vertragsschluss und auch nicht vor Erf\u00fcllung der Informationspflichten des Veranstalters gem\u00e4\u00df Art. 246 \u00a7 2 i. V. m. \u00a7 1 Abs. 1 und 2 EGBGB sowie den Pflichten gem. \u00a7 312g Abs. 1 Satz 1 BGB i.V.m. Art. 246 \u00a7 3 EGBGB. Zur Wahrung der Widerrufsfrist gen\u00fcgt die rechtzeitige Absendung des Widerrufs.<br \/>\nWiderrufsfolgen:<br \/>\nIm Falle eines wirksamen Widerrufs sind die beiderseits empfangenen Leistungen zur\u00fcckzugew\u00e4hren und ggf. gezogene Nutzungen (z. B. Zinsen) herauszugeben. Kann der Teilnehmende die empfangene Leistung sowie Nutzung (z. B. Gebrauchsvorteile) nicht oder teilweise nicht oder nur in verschlechtertem Zustand zur\u00fcckgew\u00e4hren bzw. herausgeben, hat er der Veranstalter insoweit Wertersatz zu leisten. Verpflichtung zur Erstattungen von Zahlungen m\u00fcssen innerhalb von 30 Tagen erf\u00fcllt werden. Die Frist beginnt f\u00fcr den Teilnehmenden mit der Absendung der Widerrufserkl\u00e4rung und f\u00fcr den Veranstalter mit deren Empfang.<\/p>\n<p>Ende der Widerrufsbelehrung<br \/>\n++++++++++++++++++<\/p>\n<p>2. R\u00fccktritt\/Storno<br \/>\n2.1. Kann der Teilnehmende an der Veranstaltung nicht teilnehmen, so hat er seinen R\u00fccktritt vom Vertrag schriftlich oder per E-Mail gegen\u00fcber dem Veranstalter zu erkl\u00e4ren.<br \/>\na) Bei R\u00fccktritt\/Storno vor dem 30.01.2024 wird die Teilnahmegeb\u00fchr unter Einbehaltung einer Bearbeitungsgeb\u00fchr von 50% mindestens aber 15 EUR erstattet.<br \/>\nb) Bei R\u00fccktritt\/Storno ab dem 30.01.2024erfolgt keine Erstattung.<br \/>\n2.2. Wenn der angemeldete Teilnehmende die Veranstaltung nicht besuchen kann, hat der Teilnehmende bis zum 12.02.2024 die M\u00f6glichkeit eine Ersatzperson f\u00fcr die Teilnahme schriftlich oder per E-Mail anzugeben.[\/vc_column_text][\/vc_column][\/vc_row]<\/p>\n<\/section>","protected":false},"excerpt":{"rendered":"<p>[vc_row][vc_column][vc_column_text] Widerrufsrecht 1.1. Widerrufsbelehrung ++++++++++++++++++ Widerrufsrecht: Ist der Teilnehmende Verbraucher im Sinne des \u00a7 13 BGB kann er seine Vertragserkl\u00e4rung&#8230;<\/p>\n","protected":false},"author":1,"featured_media":0,"parent":0,"menu_order":0,"comment_status":"closed","ping_status":"closed","template":"","meta":[],"_links":{"self":[{"href":"https:\/\/topup-production.com\/index.php\/wp-json\/wp\/v2\/pages\/27256"}],"collection":[{"href":"https:\/\/topup-production.com\/index.php\/wp-json\/wp\/v2\/pages"}],"about":[{"href":"https:\/\/topup-production.com\/index.php\/wp-json\/wp\/v2\/types\/page"}],"author":[{"embeddable":true,"href":"https:\/\/topup-production.com\/index.php\/wp-json\/wp\/v2\/users\/1"}],"replies":[{"embeddable":true,"href":"https:\/\/topup-production.com\/index.php\/wp-json\/wp\/v2\/comments?post=27256"}],"version-history":[{"count":4,"href":"https:\/\/topup-production.com\/index.php\/wp-json\/wp\/v2\/pages\/27256\/revisions"}],"predecessor-version":[{"id":27424,"href":"https:\/\/topup-production.com\/index.php\/wp-json\/wp\/v2\/pages\/27256\/revisions\/27424"}],"wp:attachment":[{"href":"https:\/\/topup-production.com\/index.php\/wp-json\/wp\/v2\/media?parent=27256"}],"curies":[{"name":"wp","href":"https:\/\/api.w.org\/{rel}","templated":true}]}}