{"id":27255,"date":"2023-02-28T09:09:31","date_gmt":"2023-02-28T09:09:31","guid":{"rendered":"https:\/\/topup-production.com\/index.php\/terms\/"},"modified":"2024-01-23T12:47:59","modified_gmt":"2024-01-23T11:47:59","slug":"terms","status":"publish","type":"page","link":"https:\/\/topup-production.com\/index.php\/terms\/","title":{"rendered":"Terms &#038; Conditions"},"content":{"rendered":"<section class=\"wpb-content-wrapper\"><p>[vc_row][vc_column][vc_column_text]1. Allgemeines<br \/>\n1.1. Diese Allgemeinen Gesch\u00e4ftsbedingungen (\u201eAGB\u201c) gelten f\u00fcr die Teilnahme und den damit zusammenh\u00e4ngenden Ticketverkauf f\u00fcr obenstehende Veranstaltung, ausgerichtet durch den obenstehenden Veranstalter. Abweichende Gesch\u00e4ftsbedingungen der Teilnehmenden haben keine G\u00fcltigkeit.<br \/>\n1.2. Der Veranstalter beh\u00e4lt sich \u00c4nderungen und Erg\u00e4nzungen dieser Reglungen vor. M\u00f6gliche \u00c4nderungen und Erg\u00e4nzungen erhalten G\u00fcltigkeit durch die Ver\u00f6ffentlichung auf dieser Internetseite oder auf der Veranstaltungsseite www.topup-production.com.<br \/>\n2. Anmeldung und Vertragsschluss<br \/>\n2.1. Die Anmeldung zur Teilnahme an der Veranstaltung ist ausschlie\u00dflich \u00fcber den online shop des Veranstalters oder pers\u00f6nlich am Veranstaltungsort m\u00f6glich.<br \/>\n2.2. Der Veranstalter gibt mit den auf der Website gemachten Angaben ein Angebot f\u00fcr den Abschluss eines Kaufvertrages ab. Der Teilnehmende nimmt sein Angebot f\u00fcr den Abschluss eines Kaufvertrages an, indem er den Bestellvorgang vollst\u00e4ndig durchf\u00fchrt und in der letzten Bestellmaske auf den Button \u201eAnmeldung abschlie\u00dfen\u201c klickt. Die wirksame Annahme des Angebots durch den Teilnehmenden setzt voraus, dass der Teilnehmende in der Bestellmaske alle erforderlichen Felder ausgef\u00fcllt (jeweils durch \u201e*\u201c gekennzeichnet) und diese AGB akzeptiert hat.<br \/>\n2.3. Der Vertrag \u00fcber die Teilnahme an der Veranstaltung kommt erst zustande, nachdem der Veranstalter die Anmeldung gegen\u00fcber den Teilnehmenden schriftlich via E-Mail best\u00e4tigt hat. \u00c4nderungen und\/oder Erg\u00e4nzungen des Vertrages bed\u00fcrfen der Schriftform. Dies gilt gleichfalls f\u00fcr die Aufhebung der Schriftformklausel.<\/p>\n<p>3. Preise<br \/>\n3.1. Der im Shop Checkout und der Teilnahmebest\u00e4tigung genannte Preis ist der Endpreis und gegen\u00fcber dem Teilnehmenden verbindlich.<br \/>\n3.2. Alle Preise enthalten soweit erforderlich die f\u00e4llige Umsatzsteuer.<br \/>\n3.3. Sonderpreise f\u00fcr Erm\u00e4\u00dfigungen (Personen, die sich als Schwarz identifizieren wie afrikanische, afrodiasporische, afrodeutsche Menschen; Jugendliche unter 16 Jahren; Menschen mit Behinderungen) sind gesondert ausgewiesen. Werden keine Erm\u00e4\u00dfigungen ausgewiesen, k\u00f6nnen diese auch nicht gew\u00e4hrt werden. Erwerber*innen von erm\u00e4\u00dfigten Eintrittskarten sind verpflichtet, auf Anfrage des Personals beim Veranstaltungsbesuch die Berechtigung (Personalausweis, Behindertenausweis) f\u00fcr den Erm\u00e4\u00dfigungsanspruch nachzuweisen. Menschen, die sich als Schwarz identifizieren, sind von dieser Verpflichtung ausgenommen. Ergibt sich bei der Kontrolle der Teilnehmenden, dass zu Unrecht nicht der volle Preis f\u00fcr die Eintrittskarte bezahlt wurde, ist der Veranstalter berechtigt, den Differenzbetrag nach zu erheben.<br \/>\nPl\u00e4tze f\u00fcr Rollstuhlfahrer*innen werden in Abh\u00e4ngigkeit von der Inszenierung in beschr\u00e4nktem Ma\u00dfe zur Verf\u00fcgung gestellt. Die als notwendig anerkannten Begleiter*innen von Schwerbehinderten Menschen (Merkzeichen \u201eB\u201c im amtlichen Schwerbehindertenausweis) haben freien Eintritt.<br \/>\n4. Zahlung<br \/>\n4.1 Die Zahlung erfolgt \u00fcber die jeweils auf der Website angegebenen Wege (Euro-\/MasterCard, Visa, paypal, Bank\u00fcberweisung). S\u00e4mtliche Preise sind unverz\u00fcglich bei Vertragsschluss f\u00e4llig.<br \/>\n4.2. Zahlung per Kreditkarte:<br \/>\nBei der Zahlung per Kreditkarte (Euro-\/MasterCard, Visa) wird der Teilnehmende beim Zahlungsprozess aufgefordert die Kreditkartendaten einzugeben. Das zugeh\u00f6rige Kreditkartenkonto wird in der Folgezeit in H\u00f6he des Ticketbetrags belastet.<br \/>\n4.3. Sollte eine Zahlung r\u00fcckbelastet werden (z.B. wegen fehlender Deckung des bei der Bestellung angegebenen Kontos,), hat der Teilnehmende jeglichen Schaden bzw. jegliche Aufwendung zu ersetzen, der\/die aus der R\u00fcckbelastung entstehen. Hierzu geh\u00f6ren insbesondere die Bankgeb\u00fchren sowie jeweils eine Bearbeitungsgeb\u00fchr in H\u00f6he von 10,00 EUR pro R\u00fcckbelastung f\u00fcr die Bearbeitung durch den Veranstalter.<br \/>\nBei einem ungerechtfertigten Chargeback (R\u00fcckbelastung) der Kreditkarte werden Bearbeitungskosten in H\u00f6he von 40,00 EUR berechnet.<br \/>\nIm Falle der R\u00fcckbelastung ist der Veranstalter berechtigt, vom Vertrag sofort zur\u00fcckzutreten. Der Teilnehmende verliert damit seinen Anspruch auf Teilnahme an der gebuchten Veranstaltung. Weitergehende Anspr\u00fcche des Veranstalters gegen die Teilnehmenden werden dadurch nicht ber\u00fchrt.<\/p>\n<p>5. Hausrecht<\/p>\n<p>5.1. Die Mitarbeiter*innen des Berlin Dance Institute \u00fcben in den Geb\u00e4uden des Berlin Dance Institute das Hausrecht aus. Zu ihrer Aus\u00fcbung sind ferner der Veranstalter, das Kassenpersonal sowie sonstige dazu befugte Personen berechtigt.<\/p>\n<p>5.2. Die Mitarbeiter*innen des Berlin Dance Institute und der Veranstalter behalten sich vor, vom Hausrecht Gebrauch zu machen und Personen, die rechtsextremen Parteien oder Organisationen angeh\u00f6ren, der rechtsextremen Szene zuzuordnen sind oder bereits in der Vergangenheit durch rassistische, diskriminierende, nationalistische oder sonstige menschenverachtende \u00c4u\u00dferungen in Erscheinung getreten sind, den Zutritt zur Veranstaltung zu verwehren oder von dieser auszuschlie\u00dfen. In diesen F\u00e4llen wird der Teilnahmebeitrag nicht erstattet.<\/p>\n<p>5.3. Besucher*innen und Teilnehmenden kann der Zutritt verweigert werden und k\u00f6nnen von der Veranstaltung ausgeschlossen werden, wenn berechtigter Anlass zu der Annahme besteht, dass sie in erheblicher Weise die Veranstaltung st\u00f6ren oder andere Besucher*innen und Teilnehmenden durch sie bel\u00e4stigt, diskriminiert oder rassistisch getriggert werden und wenn sie in erheblicher Weise bzw. wiederholt gegen diese Allgemeinen Gesch\u00e4ftsbedingungen versto\u00dfen haben. In diesen F\u00e4llen wird der Teilnahmebeitrag nicht erstattet.<\/p>\n<p>5.4 Eine Bel\u00e4stigung liegt vor, wenn unerw\u00fcnschte Verhaltensweisen, die mit einem in 5.2 und 5.3 genannten Grund in Zusammenhang stehen, bezwecken oder bewirken, dass die W\u00fcrde der betreffenden Person verletzt und ein von Einsch\u00fcchterungen, Anfeindungen, Erniedrigungen, Entw\u00fcrdigungen oder Beleidigungen gekennzeichnetes Umfeld geschaffen wird.<\/p>\n<p>5.5. Personen, die den geordneten Kartenverkauf behindern oder Besucher*innen bel\u00e4stigen, k\u00f6nnen aus dem Haus gewiesen werden.<\/p>\n<p>5.6. Das Rauchen ist im gesamten Geb\u00e4ude verboten.<\/p>\n<p>6. Bild- und Tonaufnahmen<\/p>\n<p>6.1. Das Fotografieren sowie Herstellen von Bild- und\/oder Tonaufnahmen dokumentativer Art w\u00e4hrend der Veranstaltung ist Teilnehmenden erlaubt, vorausgesetzt sie geben den Veranstalter und die Veranstaltung bei Ver\u00f6ffentlichung der Bild und\/oder Tonaufnahmen an. Professionelle Bild- und\/oder Tonaufnahmen m\u00fcssen vorab schriftlich vom Veranstalter genehmigt werden.<\/p>\n<p>6.2. W\u00e4hrend der Veranstaltung werden Bild- und\/oder Tonaufnahmen durch dazu berechtigte Personen durchgef\u00fchrt. Die Teilnehmenden erkl\u00e4ren sich mit der Anmeldung zur Veranstaltung damit einverstanden, dass sie eventuell in Bild und\/oder Wort aufgenommen werden und die Aufzeichnungen ohne Anspruch auf Verg\u00fctung gesendet, vervielf\u00e4ltigt bzw. ver\u00f6ffentlicht und in audiovisuellen Medien genutzt werden d\u00fcrfen.<\/p>\n<p>7. Datenschutzbestimmungen<\/p>\n<p>Die personenbezogenen Daten der Teilnehmenden werden unter Einhaltung des Datenschutzrechtes in dem f\u00fcr die Durchf\u00fchrung des Vertrages erforderlichen Umfang im automatisierten Verfahren erhoben, bearbeitet und genutzt. Der Veranstalter ist berechtigt, die Kund*innendaten zum Zweck interner statistischer Erhebungen zu speichern sowie die Daten an Dritte, die von ihm mit der Durchf\u00fchrung des Veranstaltungsbesuchs bzw. mit dem Kartenverkauf beauftragt wurden, im hierf\u00fcr erforderlichen Umfang weiterzugeben. Die Einhaltung des Datenschutzrechtes bei Nutzung dieser weitergegebenen Kund*innendaten durch die beauftragten Dritten sichert der Veranstalter zu. Der Veranstalter informiert die Teilnehmenden unter Nutzung ihrer Daten \u00fcber weitere Angebote, dieser Dienst ist jederzeit widerruflich. Die Teilnehmenden willigen hierin mit Abschluss der Anmeldung bzw. dem Kartenkauf zur Veranstaltung ein.<\/p>\n<p>8. Widerrufsrecht<br \/>\n8.1. Widerrufsbelehrung<\/p>\n<p>++++++++++++++++++<br \/>\nWiderrufsrecht:<br \/>\nIst der Teilnehmende Verbraucher im Sinne des \u00a7 13 BGB kann er seine Vertragserkl\u00e4rung innerhalb von 14 Tagen ohne Angabe von Gr\u00fcnden in Textform (z. B. Brief, E-Mail) widerrufen. Hierzu besteht die M\u00f6glichkeit, unter Angabe der Ticket-ID eine E-Mail zu senden. Die Teilnehmenden nutzen hierzu die folgenden Kontaktdaten:<br \/>\nNaomi Marie-Rose<br \/>\nCoppistr. 12<br \/>\n10365 Berlin<br \/>\ninfo@topup-production.com<br \/>\nDie Frist beginnt nach akzeptieren dieser Belehrung beim Bestellvorgang, jedoch nicht vor Vertragsschluss und auch nicht vor Erf\u00fcllung der Informationspflichten des Veranstalters gem\u00e4\u00df Art. 246 \u00a7 2 i. V. m. \u00a7 1 Abs. 1 und 2 EGBGB sowie den Pflichten gem. \u00a7 312g Abs. 1 Satz 1 BGB i.V.m. Art. 246 \u00a7 3 EGBGB. Zur Wahrung der Widerrufsfrist gen\u00fcgt die rechtzeitige Absendung des Widerrufs.<br \/>\nWiderrufsfolgen:<br \/>\nIm Falle eines wirksamen Widerrufs sind die beiderseits empfangenen Leistungen zur\u00fcckzugew\u00e4hren und ggf. gezogene Nutzungen (z. B. Zinsen) herauszugeben. Kann der Teilnehmende die empfangene Leistung sowie Nutzung (z. B. Gebrauchsvorteile) nicht oder teilweise nicht oder nur in verschlechtertem Zustand zur\u00fcckgew\u00e4hren bzw. herausgeben, hat er der Veranstalter insoweit Wertersatz zu leisten. Verpflichtung zur Erstattungen von Zahlungen m\u00fcssen innerhalb von 30 Tagen erf\u00fcllt werden. Die Frist beginnt f\u00fcr den Teilnehmenden mit der Absendung der Widerrufserkl\u00e4rung und f\u00fcr den Veranstalter mit deren Empfang.<\/p>\n<p>Ende der Widerrufsbelehrung<br \/>\n++++++++++++++++++<\/p>\n<p>9. R\u00fccktritt\/Storno<br \/>\n9.1. Kann der Teilnehmende an der Veranstaltung nicht teilnehmen, so hat er seinen R\u00fccktritt vom Vertrag schriftlich oder per E-Mail gegen\u00fcber dem Veranstalter zu erkl\u00e4ren.<br \/>\na) Bei R\u00fccktritt\/Storno bis zu 14 Tagen vor der Veranstaltung wird die Teilnahmegeb\u00fchr unter Einbehaltung einer Bearbeitungsgeb\u00fchr von 50% mindestens aber 15 EUR erstattet.<br \/>\nb) Bei R\u00fccktritt\/Storno bis zu 14 Tagen vor der Veranstaltung erfolgt keine Erstattung.<br \/>\n9.2. Wenn der angemeldete Teilnehmende die Veranstaltung nicht besuchen kann, hat der Teilnehmende bis zum Tag vor der Veranstaltung die M\u00f6glichkeit eine Ersatzperson f\u00fcr die Teilnahme schriftlich oder per E-Mail anzugeben.<\/p>\n<p>10. Leistungen<br \/>\n10.1. Der Umfang der vertraglichen Leistung im Rahmen der Veranstaltung ergibt sich aus den Angaben auf der Veranstaltungswebseite, gegebenenfalls vorhandenen Anmeldeformularen und der Teilnahmebest\u00e4tigung des Veranstalters. Bei Widerspr\u00fcchen und in jedem Fall ist die Leistungsbeschreibung in der Buchungsbest\u00e4tigung ausschlaggebend.<br \/>\n10.2. Werden Leistungen nicht vertragsgem\u00e4\u00df erbracht, hat der Teilnehmende Anspruch auf Abhilfe. M\u00e4ngel m\u00fcssen unverz\u00fcglich angezeigt werden. Anspr\u00fcche auf R\u00fcckerstattung der Teilnahmegeb\u00fchr aufgrund offensichtlich nicht vertragsgem\u00e4\u00df erbrachter Leistung, sind innerhalb von 14 Tagen nach Abschluss der Veranstaltung geltend zu machen.<br \/>\n10.3. Der Veranstalter beh\u00e4lt sich das Recht vor, in Ausnahmef\u00e4llen einen Ersatzlehrenden\/Ersatzreferierenden zu bestellen. \u00dcber die jeweiligen \u00c4nderungen wird der Teilnehmende rechtzeitig informiert.<br \/>\n10.4. Anreise, \u00dcbernachtung und Verpflegung sind im Veranstaltungsangebot nicht enthalten, es sei denn, Leistungen dieser Art sind in der Veranstaltungsbeschreibung ausdr\u00fccklich aufgef\u00fchrt. Nimmt ein Vertragspartner ordnungsgem\u00e4\u00df angebotene Leistungen ganz oder teilweise nicht in Anspruch, so entsteht kein Anspruch auf R\u00fcckerstattung der Teilnahmegeb\u00fchr.<\/p>\n<p>11. Absage der Veranstaltung<br \/>\n11.1. Aus dringlichen oder Covid 19 pandemiebezogenen Gr\u00fcnden kann der Veranstalter mit einer angemessenen Frist die Veranstaltung absagen. Dies gilt auch f\u00fcr Rahmen- und Abendprogramme.<br \/>\n11.2. Im Fall der Absage der Veranstaltung erstattet der Veranstalter die geleistete Zahlung innerhalb von 14 Tagen in voller H\u00f6he zur\u00fcck. Daneben angefallene Kosten des Teilnehmenden werden nicht erstattet.<\/p>\n<p>12. Haftung<br \/>\n12.1. Der Veranstalter haftet<br \/>\n\u2022 bei der Verletzung wesentlicher Vertragspflichten f\u00fcr Vorsatz und jede Fahrl\u00e4ssigkeit. Der H\u00f6he nach ist die Haftung begrenzt auf die H\u00f6he des Teilnehmerpreises, die Haftung f\u00fcr Folge- und Verm\u00f6genssch\u00e4den (z.B. entgangenen Gewinn) ist ausgeschlossen.<br \/>\n\u2022 im \u00dcbrigen nur f\u00fcr durch Vorsatz oder grobe Fahrl\u00e4ssigkeit verursachte Sch\u00e4den. Der H\u00f6he nach ist die Haftung begrenzt auf die H\u00f6he der Auftragssumme, die Haftung f\u00fcr Folge- und Verm\u00f6genssch\u00e4den (z.B. entgangenen Gewinn) ist ausgeschlossen.<br \/>\n12.2. Diese Haftungsbeschr\u00e4nkungen und -ausschl\u00fcsse gelten nicht f\u00fcr<br \/>\n\u2022 Anspr\u00fcche nach dem Produkthaftungsgesetz;<br \/>\n\u2022 Anspr\u00fcche wegen arglistigen Verhaltens eines Vertragspartners;<br \/>\n\u2022 Anspr\u00fcche aus der Haftung f\u00fcr garantierte Beschaffungsmerkmale;<br \/>\n\u2022 Sch\u00e4den aus der Verletzung des Lebens, des K\u00f6rpers oder der Gesundheit<br \/>\n12.3. Im \u00dcbrigen haften der Veranstalter und seine Erf\u00fcllungsgehilfen auch nicht f\u00fcr St\u00f6rungen gleich welcher Art, die durch Umst\u00e4nde au\u00dferhalb ihres Einflussbereiches hervorgerufen werden.<br \/>\n12.4. Eine Haftung f\u00fcr Sch\u00e4den, die bei der An- und Abreise zu den Veranstaltungsorten entstehen, sowie f\u00fcr Verluste und Unf\u00e4lle ist &#8211; soweit gesetzlich zul\u00e4ssig \u2013 ausgeschlossen.<\/p>\n<p>13. Schlussbestimmungen<br \/>\n13.1. Es findet ausschlie\u00dflich das Recht der Bundesrepublik Deutschland unter Ausschluss des UN-Kaufrechts Anwendung. Gerichtsstand ist Berlin.<br \/>\n13.2. Sollten einzelne Bestimmungen dieses Vertrages unwirksam sein oder die Wirksamkeit durch einen sp\u00e4ter eintretenden Umstand verlieren, bleibt die Wirksamkeit des Vertrages im \u00dcbrigen unber\u00fchrt. Anstelle der unwirksamen Vertragsbestimmungen tritt eine Regelung, die dem am n\u00e4chsten kommt, was die Vertragsparteien gewollt h\u00e4tten, sofern sie den betreffenden Punkt bedacht h\u00e4tten. Entsprechendes gilt f\u00fcr L\u00fccken dieses Vertrages.<br \/>\n13.3. Erf\u00fcllungsort ist der Sitz des Veranstalters.[\/vc_column_text][\/vc_column][\/vc_row]<\/p>\n<\/section>","protected":false},"excerpt":{"rendered":"<p>[vc_row][vc_column][vc_column_text]1. Allgemeines 1.1. Diese Allgemeinen Gesch\u00e4ftsbedingungen (\u201eAGB\u201c) gelten f\u00fcr die Teilnahme und den damit zusammenh\u00e4ngenden Ticketverkauf f\u00fcr obenstehende Veranstaltung, ausgerichtet&#8230;<\/p>\n","protected":false},"author":1,"featured_media":0,"parent":0,"menu_order":0,"comment_status":"closed","ping_status":"closed","template":"","meta":[],"_links":{"self":[{"href":"https:\/\/topup-production.com\/index.php\/wp-json\/wp\/v2\/pages\/27255"}],"collection":[{"href":"https:\/\/topup-production.com\/index.php\/wp-json\/wp\/v2\/pages"}],"about":[{"href":"https:\/\/topup-production.com\/index.php\/wp-json\/wp\/v2\/types\/page"}],"author":[{"embeddable":true,"href":"https:\/\/topup-production.com\/index.php\/wp-json\/wp\/v2\/users\/1"}],"replies":[{"embeddable":true,"href":"https:\/\/topup-production.com\/index.php\/wp-json\/wp\/v2\/comments?post=27255"}],"version-history":[{"count":2,"href":"https:\/\/topup-production.com\/index.php\/wp-json\/wp\/v2\/pages\/27255\/revisions"}],"predecessor-version":[{"id":27425,"href":"https:\/\/topup-production.com\/index.php\/wp-json\/wp\/v2\/pages\/27255\/revisions\/27425"}],"wp:attachment":[{"href":"https:\/\/topup-production.com\/index.php\/wp-json\/wp\/v2\/media?parent=27255"}],"curies":[{"name":"wp","href":"https:\/\/api.w.org\/{rel}","templated":true}]}}