{"id":26704,"date":"2017-01-02T12:20:57","date_gmt":"2017-01-02T12:20:57","guid":{"rendered":"http:\/\/localhost\/web\/wordpress\/?page_id=26704"},"modified":"2021-01-21T13:28:43","modified_gmt":"2021-01-21T13:28:43","slug":"impressum","status":"publish","type":"page","link":"https:\/\/topup-production.com\/index.php\/impressum\/","title":{"rendered":"Impressum"},"content":{"rendered":"<section class=\"wpb-content-wrapper\"><p>[vc_row][vc_column][vc_column_text css=&#8221;.vc_custom_1611235691272{padding-top: 90px !important;padding-bottom: 90px !important;}&#8221;]<\/p>\n<h6>Impressum<\/h6>\n<p>Angaben gem\u00e4\u00df \u00a7 5 TMG<br \/>\nMargarita B\u00f6nning-Ofori<br \/>\nTopUp Production<br \/>\nAronsstra\u00dfe 68<br \/>\n12057 Berlin<\/p>\n<p>USt-IdNr. DE278249598<\/p>\n<p>Kontakt<br \/>\nTelefon: +49 (0) 176 63 29 38 16<br \/>\nE-Mail: info@topup-production.com<\/p>\n<p style=\"text-align: left;\">Streitschlichtung<br \/>\nDie Europ\u00e4ische Kommission stellt eine Plattform zur Online-Streitbeilegung (OS) bereit:<br \/>\nhttps:\/\/ec.europa.eu\/consumers\/odr.<br \/>\nUnsere E-Mail-Adresse finden Sie oben im Impressum.<br \/>\nWir sind nicht bereit oder verpflichtet, an Streitbeilegungsverfahren vor einer<br \/>\nVerbraucherschlichtungsstelle teilzunehmen.<\/p>\n<p style=\"text-align: left;\">Haftung f\u00fcr Inhalte<br \/>\nAls Diensteanbieter sind wir gem\u00e4\u00df \u00a7 7 Abs.1 TMG f\u00fcr eigene Inhalte auf diesen Seiten nach den<br \/>\nallgemeinen Gesetzen verantwortlich. Nach \u00a7\u00a7 8 bis 10 TMG sind wir als Diensteanbieter jedoch nicht<br \/>\nverpflichtet, \u00fcbermittelte oder gespeicherte fremde Informationen zu \u00fcberwachen oder nach Umst\u00e4nden zu<br \/>\nforschen, die auf eine rechtswidrige T\u00e4tigkeit hinweisen. Verpflichtungen zur Entfernung oder Sperrung<br \/>\nder Nutzung von Informationen nach den allgemeinen Gesetzen bleiben hiervon unber\u00fchrt. Eine diesbez\u00fcgliche<br \/>\nHaftung ist jedoch erst ab dem Zeitpunkt der Kenntnis einer konkreten Rechtsverletzung m\u00f6glich.<br \/>\nBei Bekanntwerden von entsprechenden Rechtsverletzungen werden wir diese Inhalte umgehend entfernen.<\/p>\n<p style=\"text-align: left;\">Haftung f\u00fcr Links<br \/>\nUnser Angebot enth\u00e4lt Links zu externen Websites Dritter, auf deren Inhalte wir keinen Einfluss haben.<br \/>\nDeshalb k\u00f6nnen wir f\u00fcr diese fremden Inhalte auch keine Gew\u00e4hr \u00fcbernehmen. F\u00fcr die Inhalte der verlinkten<br \/>\nSeiten ist stets der jeweilige Anbieter oder Betreiber der Seiten verantwortlich. Die verlinkten Seiten wurden<br \/>\nzum Zeitpunkt der Verlinkung auf m\u00f6gliche Rechtsverst\u00f6\u00dfe \u00fcberpr\u00fcft. Rechtswidrige Inhalte waren zum<br \/>\nZeitpunkt der Verlinkung nicht erkennbar. Eine permanente inhaltliche Kontrolle der verlinkten Seiten ist<br \/>\njedoch ohne konkrete Anhaltspunkte einer Rechtsverletzung nicht zumutbar. Bei Bekanntwerden von<br \/>\nRechtsverletzungen werden wir derartige Links umgehend entfernen.<\/p>\n<p style=\"text-align: left;\">Urheberrecht<br \/>\nDie durch die Seitenbetreiber erstellten Inhalte und Werke auf diesen Seiten unterliegen dem deutschen<br \/>\nUrheberrecht. Die Vervielf\u00e4ltigung, Bearbeitung, Verbreitung und jede Art der Verwertung au\u00dferhalb der<br \/>\nGrenzen des Urheberrechtes bed\u00fcrfen der schriftlichen Zustimmung des jeweiligen Autors bzw. Erstellers.<br \/>\nDownloads und Kopien dieser Seite sind nur f\u00fcr den privaten, nicht kommerziellen Gebrauch gestattet.<br \/>\nSoweit die Inhalte auf dieser Seite nicht vom Betreiber erstellt wurden, werden die Urheberrechte Dritter<br \/>\nbeachtet. Insbesondere werden Inhalte Dritter als solche gekennzeichnet. Sollten Sie trotzdem auf eine<br \/>\nUrheberrechtsverletzung aufmerksam werden, bitten wir um einen entsprechenden Hinweis. Bei<br \/>\nBekanntwerden von Rechtsverletzungen werden wir derartige Inhalte umgehend entfernen.<\/p>\n<p style=\"text-align: left;\">Quelle:<br \/>\neRecht24<\/p>\n<p>[\/vc_column_text][\/vc_column][\/vc_row]<\/p>\n<\/section>","protected":false},"excerpt":{"rendered":"<p>[vc_row][vc_column][vc_column_text css=&#8221;.vc_custom_1611235691272{padding-top: 90px !important;padding-bottom: 90px !important;}&#8221;] Impressum Angaben gem\u00e4\u00df \u00a7 5 TMG Margarita B\u00f6nning-Ofori TopUp Production Aronsstra\u00dfe 68 12057 Berlin&#8230;<\/p>\n","protected":false},"author":1,"featured_media":0,"parent":0,"menu_order":0,"comment_status":"closed","ping_status":"closed","template":"","meta":[],"_links":{"self":[{"href":"https:\/\/topup-production.com\/index.php\/wp-json\/wp\/v2\/pages\/26704"}],"collection":[{"href":"https:\/\/topup-production.com\/index.php\/wp-json\/wp\/v2\/pages"}],"about":[{"href":"https:\/\/topup-production.com\/index.php\/wp-json\/wp\/v2\/types\/page"}],"author":[{"embeddable":true,"href":"https:\/\/topup-production.com\/index.php\/wp-json\/wp\/v2\/users\/1"}],"replies":[{"embeddable":true,"href":"https:\/\/topup-production.com\/index.php\/wp-json\/wp\/v2\/comments?post=26704"}],"version-history":[{"count":15,"href":"https:\/\/topup-production.com\/index.php\/wp-json\/wp\/v2\/pages\/26704\/revisions"}],"predecessor-version":[{"id":27219,"href":"https:\/\/topup-production.com\/index.php\/wp-json\/wp\/v2\/pages\/26704\/revisions\/27219"}],"wp:attachment":[{"href":"https:\/\/topup-production.com\/index.php\/wp-json\/wp\/v2\/media?parent=26704"}],"curies":[{"name":"wp","href":"https:\/\/api.w.org\/{rel}","templated":true}]}}